{"id":11,"date":"2017-10-30T15:11:53","date_gmt":"2017-10-30T15:11:53","guid":{"rendered":"http:\/\/www.herturmetal.com\/?page_id=11"},"modified":"2025-07-14T20:54:08","modified_gmt":"2025-07-14T20:54:08","slug":"hakkimizda","status":"publish","type":"page","link":"http:\/\/www.herturmetal.com\/?page_id=11","title":{"rendered":"Hakk\u0131m\u0131zda"},"content":{"rendered":"<\/p>\n<p>Her-T\u00fcr Metal 1985 Y\u0131l\u0131nda Ankara \u0130vedik Organize Sanayi B\u00f6lgesinde Kurulmu\u015ftur.<br \/>\u015eirkettimiz 3 Katl\u0131 Binas\u0131nda 1200 Metrekare Kapal\u0131 Alanda Metal S\u0131vama \u0130\u015flemi Yapmaktad\u0131r.<br \/>G\u00fc\u00e7l\u00fc Kadrosu ve Kurumsal Kimli\u011fiyle G\u00fc\u00e7l\u00fc Firmalara \u00c7\u00f6z\u00fcm Orta\u011f\u0131 Olmu\u015ftur&#8230;<br \/>Farkl\u0131 Sekt\u00f6rlerde Tamamlay\u0131c\u0131 Par\u00e7a \u0130malat\u0131nda \u00d6nc\u00fc Olan Firmam\u0131z \u00c7ok Uluslu Firmalar\u0131nda \u00c7\u00f6z\u00fcm Orta\u011f\u0131 Olmaya Devam Etmektedir.<br \/>Projeden \u0130malata \u0130maalattan Sevkiyata Kadar Kenddi B\u00fcnyesinde Taamamlaly\u0131c\u0131 Firma Rol\u00fcn\u00fc Etik Meslek Anlay\u0131\u015f\u0131yla S\u00fcrd\u00fcren Firmam\u0131z..<br \/>G\u00fcncel Makina Ekipmanlar ve Teknik Altyap\u0131s\u0131yla Kal\u0131ptan \u0130malata Kadar T\u00fcm \u00dcretim A\u015famas\u0131n\u0131 Kendi B\u00fcnyesinde Tamamlamaktad\u0131r.<br \/>Bu B\u00fcy\u00fcme ve Geli\u015fimde Bizlere destek Olan Siz M\u00fc\u015fterilerimize ve M\u00fc\u015fteri Adaylar\u0131m\u0131za Te\u015fekk\u00fcr\u00fc Bir Bor\u00e7 Biliriz<br \/>Sayg\u0131lar\u0131m\u0131zla<br \/>Kadir G\u00dcNDO\u011eAN<br \/>\u015eirket M\u00fcd\u00fcr\u00fc<\/p>\n\n\n<figure class=\"wp-block-gallery has-nested-images columns-default is-cropped wp-block-gallery-1 is-layout-flex wp-block-gallery-is-layout-flex\">\n<figure class=\"wp-block-image size-large\"><a href=\"http:\/\/www.herturmetal.com\/wp-content\/uploads\/2020\/07\/her_tur_metal_hakkimizda.jpg\"><img loading=\"lazy\" decoding=\"async\" width=\"350\" height=\"230\" data-id=\"329\" src=\"http:\/\/www.herturmetal.com\/wp-content\/uploads\/2020\/07\/her_tur_metal_hakkimizda.jpg\" alt=\"\" class=\"wp-image-329\" srcset=\"http:\/\/www.herturmetal.com\/wp-content\/uploads\/2020\/07\/her_tur_metal_hakkimizda.jpg 350w, http:\/\/www.herturmetal.com\/wp-content\/uploads\/2020\/07\/her_tur_metal_hakkimizda-300x197.jpg 300w\" sizes=\"auto, (max-width: 350px) 100vw, 350px\" \/><\/a><\/figure>\n\n\n\n<figure class=\"wp-block-image size-large\"><a href=\"http:\/\/www.herturmetal.com\/wp-content\/uploads\/2020\/07\/her_tur_metal_hakkimizda_2.jpg\"><img loading=\"lazy\" decoding=\"async\" width=\"350\" height=\"230\" data-id=\"330\" src=\"http:\/\/www.herturmetal.com\/wp-content\/uploads\/2020\/07\/her_tur_metal_hakkimizda_2.jpg\" alt=\"\" class=\"wp-image-330\" srcset=\"http:\/\/www.herturmetal.com\/wp-content\/uploads\/2020\/07\/her_tur_metal_hakkimizda_2.jpg 350w, http:\/\/www.herturmetal.com\/wp-content\/uploads\/2020\/07\/her_tur_metal_hakkimizda_2-300x197.jpg 300w\" sizes=\"auto, (max-width: 350px) 100vw, 350px\" \/><\/a><\/figure>\n\n\n\n<figure class=\"wp-block-image size-large\"><a href=\"http:\/\/www.herturmetal.com\/wp-content\/uploads\/2020\/07\/her_tur_metal_hakkimizda_4.jpg\"><img loading=\"lazy\" decoding=\"async\" width=\"350\" height=\"230\" data-id=\"332\" src=\"http:\/\/www.herturmetal.com\/wp-content\/uploads\/2020\/07\/her_tur_metal_hakkimizda_4.jpg\" alt=\"\" class=\"wp-image-332\" srcset=\"http:\/\/www.herturmetal.com\/wp-content\/uploads\/2020\/07\/her_tur_metal_hakkimizda_4.jpg 350w, http:\/\/www.herturmetal.com\/wp-content\/uploads\/2020\/07\/her_tur_metal_hakkimizda_4-300x197.jpg 300w\" sizes=\"auto, (max-width: 350px) 100vw, 350px\" \/><\/a><\/figure>\n\n\n\n<figure class=\"wp-block-image size-large\"><a href=\"http:\/\/www.herturmetal.com\/wp-content\/uploads\/2020\/07\/her_tur_metal_hakkimizda_3.jpg\"><img loading=\"lazy\" decoding=\"async\" width=\"350\" height=\"230\" data-id=\"331\" src=\"http:\/\/www.herturmetal.com\/wp-content\/uploads\/2020\/07\/her_tur_metal_hakkimizda_3.jpg\" alt=\"\" class=\"wp-image-331\" srcset=\"http:\/\/www.herturmetal.com\/wp-content\/uploads\/2020\/07\/her_tur_metal_hakkimizda_3.jpg 350w, http:\/\/www.herturmetal.com\/wp-content\/uploads\/2020\/07\/her_tur_metal_hakkimizda_3-300x197.jpg 300w\" sizes=\"auto, (max-width: 350px) 100vw, 350px\" \/><\/a><\/figure>\n<\/figure>\n\n\n\n<p><a href=\"https:\/\/polypipe-terrain.com.ua\">polypipe-terrain<\/a><\/p>\n","protected":false},"excerpt":{"rendered":"<p>Her-T\u00fcr Metal 1985 Y\u0131l\u0131nda Ankara \u0130vedik Organize Sanayi B\u00f6lgesinde Kurulmu\u015ftur.\u015eirkettimiz 3 Katl\u0131 Binas\u0131nda 1200 Metrekare Kapal\u0131 Alanda Metal S\u0131vama \u0130\u015flemi Yapmaktad\u0131r.G\u00fc\u00e7l\u00fc Kadrosu ve Kurumsal Kimli\u011fiyle G\u00fc\u00e7l\u00fc Firmalara \u00c7\u00f6z\u00fcm Orta\u011f\u0131 Olmu\u015ftur&#8230;Farkl\u0131 Sekt\u00f6rlerde Tamamlay\u0131c\u0131 Par\u00e7a \u0130malat\u0131nda \u00d6nc\u00fc Olan Firmam\u0131z \u00c7ok Uluslu Firmalar\u0131nda \u00c7\u00f6z\u00fcm Orta\u011f\u0131 Olmaya Devam Etmektedir.Projeden \u0130malata \u0130maalattan Sevkiyata Kadar Kenddi B\u00fcnyesinde Taamamlaly\u0131c\u0131 Firma Rol\u00fcn\u00fc Etik [&hellip;]<\/p>\n","protected":false},"author":1,"featured_media":0,"parent":0,"menu_order":0,"comment_status":"closed","ping_status":"closed","template":"","meta":{"footnotes":""},"class_list":["post-11","page","type-page","status-publish","hentry"],"_links":{"self":[{"href":"http:\/\/www.herturmetal.com\/index.php?rest_route=\/wp\/v2\/pages\/11","targetHints":{"allow":["GET"]}}],"collection":[{"href":"http:\/\/www.herturmetal.com\/index.php?rest_route=\/wp\/v2\/pages"}],"about":[{"href":"http:\/\/www.herturmetal.com\/index.php?rest_route=\/wp\/v2\/types\/page"}],"author":[{"embeddable":true,"href":"http:\/\/www.herturmetal.com\/index.php?rest_route=\/wp\/v2\/users\/1"}],"replies":[{"embeddable":true,"href":"http:\/\/www.herturmetal.com\/index.php?rest_route=%2Fwp%2Fv2%2Fcomments&post=11"}],"version-history":[{"count":3,"href":"http:\/\/www.herturmetal.com\/index.php?rest_route=\/wp\/v2\/pages\/11\/revisions"}],"predecessor-version":[{"id":435,"href":"http:\/\/www.herturmetal.com\/index.php?rest_route=\/wp\/v2\/pages\/11\/revisions\/435"}],"wp:attachment":[{"href":"http:\/\/www.herturmetal.com\/index.php?rest_route=%2Fwp%2Fv2%2Fmedia&parent=11"}],"curies":[{"name":"wp","href":"https:\/\/api.w.org\/{rel}","templated":true}]}}